{"id":14662,"date":"2019-11-09T15:33:18","date_gmt":"2019-11-09T15:33:18","guid":{"rendered":"https:\/\/laworldcitizen.com\/destinos-2\/"},"modified":"2024-06-05T19:33:52","modified_gmt":"2024-06-05T19:33:52","slug":"destinos-2","status":"publish","type":"page","link":"https:\/\/laworldcitizen.com\/es\/destinos-2\/","title":{"rendered":"Destinos"},"content":{"rendered":"\t\t<div data-elementor-type=\"wp-page\" data-elementor-id=\"14662\" class=\"elementor elementor-14662 elementor-7858\" data-elementor-post-type=\"page\">\n\t\t\t\t\t\t<section class=\"elementor-section elementor-top-section elementor-element elementor-element-8dfc485 josephine-more-text-section elementor-section-boxed elementor-section-height-default elementor-section-height-default\" data-id=\"8dfc485\" data-element_type=\"section\" data-settings=\"{&quot;background_background&quot;:&quot;classic&quot;}\">\n\t\t\t\t\t\t<div class=\"elementor-container elementor-column-gap-no\">\n\t\t\t\t\t<div class=\"elementor-column elementor-col-100 elementor-top-column elementor-element elementor-element-984d7e2\" data-id=\"984d7e2\" data-element_type=\"column\">\n\t\t\t<div class=\"elementor-widget-wrap elementor-element-populated\">\n\t\t\t\t\t\t<div class=\"elementor-element elementor-element-45accaa josephine-no-bottom josephine-no-bottom-p josephine-subheading-text elementor-widget elementor-widget-text-editor\" data-id=\"45accaa\" data-element_type=\"widget\" data-widget_type=\"text-editor.default\">\n\t\t\t\t<div class=\"elementor-widget-container\">\n\t\t\t<style>\/*! elementor - v3.19.0 - 07-02-2024 *\/\n.elementor-widget-text-editor.elementor-drop-cap-view-stacked .elementor-drop-cap{background-color:#69727d;color:#fff}.elementor-widget-text-editor.elementor-drop-cap-view-framed .elementor-drop-cap{color:#69727d;border:3px solid;background-color:transparent}.elementor-widget-text-editor:not(.elementor-drop-cap-view-default) .elementor-drop-cap{margin-top:8px}.elementor-widget-text-editor:not(.elementor-drop-cap-view-default) .elementor-drop-cap-letter{width:1em;height:1em}.elementor-widget-text-editor .elementor-drop-cap{float:left;text-align:center;line-height:1;font-size:50px}.elementor-widget-text-editor .elementor-drop-cap-letter{display:inline-block}<\/style>\t\t\t\t<p>\u00bfAd\u00f3nde quieres ir?<\/p>\n\t\t\t\t\t\t<\/div>\n\t\t\t\t<\/div>\n\t\t\t\t<div class=\"elementor-element elementor-element-e486087 josephine-standard-headline-text josephine-no-bottom elementor-widget elementor-widget-heading\" data-id=\"e486087\" data-element_type=\"widget\" data-widget_type=\"heading.default\">\n\t\t\t\t<div class=\"elementor-widget-container\">\n\t\t\t<style>\/*! elementor - v3.19.0 - 07-02-2024 *\/\n.elementor-heading-title{padding:0;margin:0;line-height:1}.elementor-widget-heading .elementor-heading-title[class*=elementor-size-]>a{color:inherit;font-size:inherit;line-height:inherit}.elementor-widget-heading .elementor-heading-title.elementor-size-small{font-size:15px}.elementor-widget-heading .elementor-heading-title.elementor-size-medium{font-size:19px}.elementor-widget-heading .elementor-heading-title.elementor-size-large{font-size:29px}.elementor-widget-heading .elementor-heading-title.elementor-size-xl{font-size:39px}.elementor-widget-heading .elementor-heading-title.elementor-size-xxl{font-size:59px}<\/style><h2 class=\"elementor-heading-title elementor-size-default\">GU\u00cdAS DE VIAJES<\/h2>\t\t<\/div>\n\t\t\t\t<\/div>\n\t\t\t\t\t<\/div>\n\t\t<\/div>\n\t\t\t\t\t<\/div>\n\t\t<\/section>\n\t\t\t\t<section class=\"elementor-section elementor-top-section elementor-element elementor-element-f531d84 josephine-triple-images-section josephine-standard-elementor-section elementor-section-boxed elementor-section-height-default elementor-section-height-default\" data-id=\"f531d84\" data-element_type=\"section\">\n\t\t\t\t\t\t<div class=\"elementor-container elementor-column-gap-no\">\n\t\t\t\t\t<div class=\"elementor-column elementor-col-100 elementor-top-column elementor-element elementor-element-f2acf51\" data-id=\"f2acf51\" data-element_type=\"column\">\n\t\t\t<div class=\"elementor-widget-wrap elementor-element-populated\">\n\t\t\t\t\t\t<div class=\"elementor-element elementor-element-b4070d6 elementor-widget elementor-widget-heading\" data-id=\"b4070d6\" data-element_type=\"widget\" data-widget_type=\"heading.default\">\n\t\t\t\t<div class=\"elementor-widget-container\">\n\t\t\t<h2 class=\"elementor-heading-title elementor-size-default\">\u00bfQu\u00e9 quieres leer hoy?<\/h2>\t\t<\/div>\n\t\t\t\t<\/div>\n\t\t\t\t<div class=\"elementor-element elementor-element-a8d601d josephine-standard-headline-text josephine-no-bottom elementor-invisible elementor-widget elementor-widget-heading\" data-id=\"a8d601d\" data-element_type=\"widget\" data-settings=\"{&quot;_animation&quot;:&quot;zoomIn&quot;}\" data-widget_type=\"heading.default\">\n\t\t\t\t<div class=\"elementor-widget-container\">\n\t\t\t<h2 class=\"elementor-heading-title elementor-size-default\">Insp\u00edrate \u2708\ufe0f<\/h2>\t\t<\/div>\n\t\t\t\t<\/div>\n\t\t\t\t<section class=\"elementor-section elementor-inner-section elementor-element elementor-element-e3fae49 elementor-section-boxed elementor-section-height-default elementor-section-height-default\" data-id=\"e3fae49\" data-element_type=\"section\">\n\t\t\t\t\t\t<div class=\"elementor-container elementor-column-gap-default\">\n\t\t\t\t\t<div class=\"elementor-column elementor-col-33 elementor-inner-column elementor-element elementor-element-0b4f983\" data-id=\"0b4f983\" data-element_type=\"column\">\n\t\t\t<div class=\"elementor-widget-wrap elementor-element-populated\">\n\t\t\t\t\t\t<div class=\"elementor-element elementor-element-d40c87d elementor-cta--skin-cover elementor-animated-content elementor-bg-transform elementor-bg-transform-zoom-in elementor-widget elementor-widget-call-to-action\" data-id=\"d40c87d\" data-element_type=\"widget\" data-widget_type=\"call-to-action.default\">\n\t\t\t\t<div class=\"elementor-widget-container\">\n\t\t\t<link rel=\"stylesheet\" href=\"https:\/\/laworldcitizen.com\/wp-content\/plugins\/elementor-pro\/assets\/css\/widget-call-to-action.min.css\">\t\t<div class=\"elementor-cta\">\n\t\t\t\t\t<div class=\"elementor-cta__bg-wrapper\">\n\t\t\t\t<div class=\"elementor-cta__bg elementor-bg\" style=\"background-image: url(https:\/\/laworldcitizen.com\/wp-content\/uploads\/2024\/02\/europa.jpg);\" role=\"img\" aria-label=\"europa\"><\/div>\n\t\t\t\t<div class=\"elementor-cta__bg-overlay\"><\/div>\n\t\t\t<\/div>\n\t\t\t\t\t\t\t<div class=\"elementor-cta__content\">\n\t\t\t\t\n\t\t\t\t\t\t\t\t\t<h2 class=\"elementor-cta__title elementor-cta__content-item elementor-content-item elementor-animated-item--grow\">\n\t\t\t\t\t\tEUROPA\t\t\t\t\t<\/h2>\n\t\t\t\t\n\t\t\t\t\n\t\t\t\t\t\t\t\t\t<div class=\"elementor-cta__button-wrapper elementor-cta__content-item elementor-content-item elementor-animated-item--grow\">\n\t\t\t\t\t<a class=\"elementor-cta__button elementor-button elementor-size-sm\" href=\"https:\/\/laworldcitizen.com\/es\/category\/viajes-europa\/\">\n\t\t\t\t\t\tLee los art\u00edculos\t\t\t\t\t<\/a>\n\t\t\t\t\t<\/div>\n\t\t\t\t\t\t\t<\/div>\n\t\t\t\t\t\t<\/div>\n\t\t\t\t<\/div>\n\t\t\t\t<\/div>\n\t\t\t\t\t<\/div>\n\t\t<\/div>\n\t\t\t\t<div class=\"elementor-column elementor-col-33 elementor-inner-column elementor-element elementor-element-363f1e2\" data-id=\"363f1e2\" data-element_type=\"column\">\n\t\t\t<div class=\"elementor-widget-wrap elementor-element-populated\">\n\t\t\t\t\t\t<div class=\"elementor-element elementor-element-c5c19b0 elementor-cta--skin-cover elementor-animated-content elementor-bg-transform elementor-bg-transform-zoom-in elementor-widget elementor-widget-call-to-action\" data-id=\"c5c19b0\" data-element_type=\"widget\" data-widget_type=\"call-to-action.default\">\n\t\t\t\t<div class=\"elementor-widget-container\">\n\t\t\t\t\t<div class=\"elementor-cta\">\n\t\t\t\t\t<div class=\"elementor-cta__bg-wrapper\">\n\t\t\t\t<div class=\"elementor-cta__bg elementor-bg\" style=\"background-image: url(https:\/\/laworldcitizen.com\/wp-content\/uploads\/2024\/02\/asia.webp);\" role=\"img\" aria-label=\"asia\"><\/div>\n\t\t\t\t<div class=\"elementor-cta__bg-overlay\"><\/div>\n\t\t\t<\/div>\n\t\t\t\t\t\t\t<div class=\"elementor-cta__content\">\n\t\t\t\t\n\t\t\t\t\t\t\t\t\t<h2 class=\"elementor-cta__title elementor-cta__content-item elementor-content-item elementor-animated-item--grow\">\n\t\t\t\t\t\tASIA\t\t\t\t\t<\/h2>\n\t\t\t\t\n\t\t\t\t\n\t\t\t\t\t\t\t\t\t<div class=\"elementor-cta__button-wrapper elementor-cta__content-item elementor-content-item elementor-animated-item--grow\">\n\t\t\t\t\t<a class=\"elementor-cta__button elementor-button elementor-size-sm\" href=\"https:\/\/laworldcitizen.com\/es\/category\/viajes-asia\/\">\n\t\t\t\t\t\tLee los art\u00edculos\t\t\t\t\t<\/a>\n\t\t\t\t\t<\/div>\n\t\t\t\t\t\t\t<\/div>\n\t\t\t\t\t\t<\/div>\n\t\t\t\t<\/div>\n\t\t\t\t<\/div>\n\t\t\t\t\t<\/div>\n\t\t<\/div>\n\t\t\t\t<div class=\"elementor-column elementor-col-33 elementor-inner-column elementor-element elementor-element-761a667\" data-id=\"761a667\" data-element_type=\"column\">\n\t\t\t<div class=\"elementor-widget-wrap elementor-element-populated\">\n\t\t\t\t\t\t<div class=\"elementor-element elementor-element-e437905 elementor-cta--skin-cover elementor-animated-content elementor-bg-transform elementor-bg-transform-zoom-in elementor-widget elementor-widget-call-to-action\" data-id=\"e437905\" data-element_type=\"widget\" data-widget_type=\"call-to-action.default\">\n\t\t\t\t<div class=\"elementor-widget-container\">\n\t\t\t\t\t<div class=\"elementor-cta\">\n\t\t\t\t\t<div class=\"elementor-cta__bg-wrapper\">\n\t\t\t\t<div class=\"elementor-cta__bg elementor-bg\" style=\"background-image: url(https:\/\/laworldcitizen.com\/wp-content\/uploads\/2024\/02\/africa.jpg);\" role=\"img\" aria-label=\"dove dormire nel deserto in Marocco: Merzouga\"><\/div>\n\t\t\t\t<div class=\"elementor-cta__bg-overlay\"><\/div>\n\t\t\t<\/div>\n\t\t\t\t\t\t\t<div class=\"elementor-cta__content\">\n\t\t\t\t\n\t\t\t\t\t\t\t\t\t<h2 class=\"elementor-cta__title elementor-cta__content-item elementor-content-item elementor-animated-item--grow\">\n\t\t\t\t\t\t\u00c1FRICA\t\t\t\t\t<\/h2>\n\t\t\t\t\n\t\t\t\t\n\t\t\t\t\t\t\t\t\t<div class=\"elementor-cta__button-wrapper elementor-cta__content-item elementor-content-item elementor-animated-item--grow\">\n\t\t\t\t\t<a class=\"elementor-cta__button elementor-button elementor-size-sm\" href=\"https:\/\/laworldcitizen.com\/es\/category\/viajes-africa\/\">\n\t\t\t\t\t\tLee los art\u00edculos\t\t\t\t\t<\/a>\n\t\t\t\t\t<\/div>\n\t\t\t\t\t\t\t<\/div>\n\t\t\t\t\t\t<\/div>\n\t\t\t\t<\/div>\n\t\t\t\t<\/div>\n\t\t\t\t\t<\/div>\n\t\t<\/div>\n\t\t\t\t\t<\/div>\n\t\t<\/section>\n\t\t\t\t<section class=\"elementor-section elementor-inner-section elementor-element elementor-element-7762a13 elementor-section-boxed elementor-section-height-default elementor-section-height-default\" data-id=\"7762a13\" data-element_type=\"section\">\n\t\t\t\t\t\t<div class=\"elementor-container elementor-column-gap-default\">\n\t\t\t\t\t<div class=\"elementor-column elementor-col-33 elementor-inner-column elementor-element elementor-element-0209cec\" data-id=\"0209cec\" data-element_type=\"column\">\n\t\t\t<div class=\"elementor-widget-wrap elementor-element-populated\">\n\t\t\t\t\t\t<div class=\"elementor-element elementor-element-dc6b149 elementor-cta--skin-cover elementor-animated-content elementor-bg-transform elementor-bg-transform-zoom-in elementor-widget elementor-widget-call-to-action\" data-id=\"dc6b149\" data-element_type=\"widget\" data-widget_type=\"call-to-action.default\">\n\t\t\t\t<div class=\"elementor-widget-container\">\n\t\t\t\t\t<div class=\"elementor-cta\">\n\t\t\t\t\t<div class=\"elementor-cta__bg-wrapper\">\n\t\t\t\t<div class=\"elementor-cta__bg elementor-bg\" style=\"background-image: url(https:\/\/laworldcitizen.com\/wp-content\/uploads\/2024\/02\/america.jpg);\" role=\"img\" aria-label=\"america\"><\/div>\n\t\t\t\t<div class=\"elementor-cta__bg-overlay\"><\/div>\n\t\t\t<\/div>\n\t\t\t\t\t\t\t<div class=\"elementor-cta__content\">\n\t\t\t\t\n\t\t\t\t\t\t\t\t\t<h2 class=\"elementor-cta__title elementor-cta__content-item elementor-content-item elementor-animated-item--grow\">\n\t\t\t\t\t\tAM\u00c9RICA\t\t\t\t\t<\/h2>\n\t\t\t\t\n\t\t\t\t\n\t\t\t\t\t\t\t\t\t<div class=\"elementor-cta__button-wrapper elementor-cta__content-item elementor-content-item elementor-animated-item--grow\">\n\t\t\t\t\t<a class=\"elementor-cta__button elementor-button elementor-size-sm\" href=\"https:\/\/laworldcitizen.com\/es\/category\/viajes-america\/\">\n\t\t\t\t\t\tLee los art\u00edculos\t\t\t\t\t<\/a>\n\t\t\t\t\t<\/div>\n\t\t\t\t\t\t\t<\/div>\n\t\t\t\t\t\t<\/div>\n\t\t\t\t<\/div>\n\t\t\t\t<\/div>\n\t\t\t\t\t<\/div>\n\t\t<\/div>\n\t\t\t\t<div class=\"elementor-column elementor-col-33 elementor-inner-column elementor-element elementor-element-389f9b9\" data-id=\"389f9b9\" data-element_type=\"column\">\n\t\t\t<div class=\"elementor-widget-wrap\">\n\t\t\t\t\t\t\t<\/div>\n\t\t<\/div>\n\t\t\t\t<div class=\"elementor-column elementor-col-33 elementor-inner-column elementor-element elementor-element-d317311\" data-id=\"d317311\" data-element_type=\"column\">\n\t\t\t<div class=\"elementor-widget-wrap\">\n\t\t\t\t\t\t\t<\/div>\n\t\t<\/div>\n\t\t\t\t\t<\/div>\n\t\t<\/section>\n\t\t\t\t\t<\/div>\n\t\t<\/div>\n\t\t\t\t\t<\/div>\n\t\t<\/section>\n\t\t\t\t<\/div>\n\t\t","protected":false},"excerpt":{"rendered":"<p>\u00bfAd\u00f3nde quieres ir? GU\u00cdAS DE VIAJES \u00bfQu\u00e9 quieres leer hoy? Insp\u00edrate \u2708\ufe0f EUROPA Lee los art\u00edculos ASIA Lee los art\u00edculos \u00c1FRICA Lee los art\u00edculos AM\u00c9RICA Lee los art\u00edculos<\/p>\n","protected":false},"author":1,"featured_media":0,"parent":0,"menu_order":0,"comment_status":"closed","ping_status":"closed","template":"elementor_header_footer","meta":{"om_disable_all_campaigns":false,"_monsterinsights_skip_tracking":false,"_monsterinsights_sitenote_active":false,"_monsterinsights_sitenote_note":"","_monsterinsights_sitenote_category":0,"_uf_show_specific_survey":0,"_uf_disable_surveys":false,"footnotes":""},"yoast_head":"<!-- This site is optimized with the Yoast SEO plugin v22.0 - https:\/\/yoast.com\/wordpress\/plugins\/seo\/ -->\n<title>Destinos - La World Citizen<\/title>\n<meta name=\"robots\" content=\"index, follow, max-snippet:-1, max-image-preview:large, max-video-preview:-1\" \/>\n<link rel=\"canonical\" href=\"https:\/\/laworldcitizen.com\/es\/destinos-2\/\" \/>\n<meta property=\"og:locale\" content=\"es_ES\" \/>\n<meta property=\"og:type\" content=\"article\" \/>\n<meta property=\"og:title\" content=\"Destinos - La World Citizen\" \/>\n<meta property=\"og:description\" content=\"\u00bfAd\u00f3nde quieres ir? GU\u00cdAS DE VIAJES \u00bfQu\u00e9 quieres leer hoy? Insp\u00edrate \u2708\ufe0f EUROPA Lee los art\u00edculos ASIA Lee los art\u00edculos \u00c1FRICA Lee los art\u00edculos AM\u00c9RICA Lee los art\u00edculos\" \/>\n<meta property=\"og:url\" content=\"https:\/\/laworldcitizen.com\/es\/destinos-2\/\" \/>\n<meta property=\"og:site_name\" content=\"La World Citizen\" \/>\n<meta property=\"article:publisher\" content=\"https:\/\/www.facebook.com\/lucia.schettino.31\" \/>\n<meta property=\"article:modified_time\" content=\"2024-06-05T19:33:52+00:00\" \/>\n<meta name=\"twitter:card\" content=\"summary_large_image\" \/>\n<meta name=\"twitter:label1\" content=\"Tiempo de lectura\" \/>\n\t<meta name=\"twitter:data1\" content=\"1 minuto\" \/>\n<script type=\"application\/ld+json\" class=\"yoast-schema-graph\">{\"@context\":\"https:\/\/schema.org\",\"@graph\":[{\"@type\":\"WebPage\",\"@id\":\"https:\/\/laworldcitizen.com\/es\/destinos-2\/\",\"url\":\"https:\/\/laworldcitizen.com\/es\/destinos-2\/\",\"name\":\"Destinos - La World Citizen\",\"isPartOf\":{\"@id\":\"https:\/\/laworldcitizen.com\/es\/#website\"},\"datePublished\":\"2019-11-09T15:33:18+00:00\",\"dateModified\":\"2024-06-05T19:33:52+00:00\",\"breadcrumb\":{\"@id\":\"https:\/\/laworldcitizen.com\/es\/destinos-2\/#breadcrumb\"},\"inLanguage\":\"es\",\"potentialAction\":[{\"@type\":\"ReadAction\",\"target\":[\"https:\/\/laworldcitizen.com\/es\/destinos-2\/\"]}]},{\"@type\":\"BreadcrumbList\",\"@id\":\"https:\/\/laworldcitizen.com\/es\/destinos-2\/#breadcrumb\",\"itemListElement\":[{\"@type\":\"ListItem\",\"position\":1,\"name\":\"Portada\",\"item\":\"https:\/\/laworldcitizen.com\/es\/\"},{\"@type\":\"ListItem\",\"position\":2,\"name\":\"Destinos\"}]},{\"@type\":\"WebSite\",\"@id\":\"https:\/\/laworldcitizen.com\/es\/#website\",\"url\":\"https:\/\/laworldcitizen.com\/es\/\",\"name\":\"La World Citizen\",\"description\":\"\",\"publisher\":{\"@id\":\"https:\/\/laworldcitizen.com\/es\/#\/schema\/person\/763ebebdd11a26a976b5012c9476ec05\"},\"potentialAction\":[{\"@type\":\"SearchAction\",\"target\":{\"@type\":\"EntryPoint\",\"urlTemplate\":\"https:\/\/laworldcitizen.com\/es\/?s={search_term_string}\"},\"query-input\":\"required name=search_term_string\"}],\"inLanguage\":\"es\"},{\"@type\":[\"Person\",\"Organization\"],\"@id\":\"https:\/\/laworldcitizen.com\/es\/#\/schema\/person\/763ebebdd11a26a976b5012c9476ec05\",\"name\":\"Lucia\",\"image\":{\"@type\":\"ImageObject\",\"inLanguage\":\"es\",\"@id\":\"https:\/\/laworldcitizen.com\/es\/#\/schema\/person\/image\/\",\"url\":\"https:\/\/laworldcitizen.com\/wp-content\/uploads\/2024\/01\/Logo-Lucia2_alta-1-1.png\",\"contentUrl\":\"https:\/\/laworldcitizen.com\/wp-content\/uploads\/2024\/01\/Logo-Lucia2_alta-1-1.png\",\"width\":71,\"height\":136,\"caption\":\"Lucia\"},\"logo\":{\"@id\":\"https:\/\/laworldcitizen.com\/es\/#\/schema\/person\/image\/\"},\"description\":\"Italiana di origine e cittadina del mondo, amo scrivere, viaggiare sola per il mondo ed imparare nuove lingue. Non so dirvi esattamente dove vivo, ma solitamente mi trovate tra Barcellona, Rio de Janeiro e la Repubblica Dominicana.\",\"sameAs\":[\"http:\/\/www.laworldcitizen.com\",\"https:\/\/www.facebook.com\/lucia.schettino.31\",\"https:\/\/www.instagram.com\/lucyschettino\/?hl=it\",\"https:\/\/www.linkedin.com\/in\/lucia-schettino\/\",\"Lucia\"]}]}<\/script>\n<!-- \/ Yoast SEO plugin. -->","yoast_head_json":{"title":"Destinos - La World Citizen","robots":{"index":"index","follow":"follow","max-snippet":"max-snippet:-1","max-image-preview":"max-image-preview:large","max-video-preview":"max-video-preview:-1"},"canonical":"https:\/\/laworldcitizen.com\/es\/destinos-2\/","og_locale":"es_ES","og_type":"article","og_title":"Destinos - La World Citizen","og_description":"\u00bfAd\u00f3nde quieres ir? GU\u00cdAS DE VIAJES \u00bfQu\u00e9 quieres leer hoy? Insp\u00edrate \u2708\ufe0f EUROPA Lee los art\u00edculos ASIA Lee los art\u00edculos \u00c1FRICA Lee los art\u00edculos AM\u00c9RICA Lee los art\u00edculos","og_url":"https:\/\/laworldcitizen.com\/es\/destinos-2\/","og_site_name":"La World Citizen","article_publisher":"https:\/\/www.facebook.com\/lucia.schettino.31","article_modified_time":"2024-06-05T19:33:52+00:00","twitter_card":"summary_large_image","twitter_misc":{"Tiempo de lectura":"1 minuto"},"schema":{"@context":"https:\/\/schema.org","@graph":[{"@type":"WebPage","@id":"https:\/\/laworldcitizen.com\/es\/destinos-2\/","url":"https:\/\/laworldcitizen.com\/es\/destinos-2\/","name":"Destinos - La World Citizen","isPartOf":{"@id":"https:\/\/laworldcitizen.com\/es\/#website"},"datePublished":"2019-11-09T15:33:18+00:00","dateModified":"2024-06-05T19:33:52+00:00","breadcrumb":{"@id":"https:\/\/laworldcitizen.com\/es\/destinos-2\/#breadcrumb"},"inLanguage":"es","potentialAction":[{"@type":"ReadAction","target":["https:\/\/laworldcitizen.com\/es\/destinos-2\/"]}]},{"@type":"BreadcrumbList","@id":"https:\/\/laworldcitizen.com\/es\/destinos-2\/#breadcrumb","itemListElement":[{"@type":"ListItem","position":1,"name":"Portada","item":"https:\/\/laworldcitizen.com\/es\/"},{"@type":"ListItem","position":2,"name":"Destinos"}]},{"@type":"WebSite","@id":"https:\/\/laworldcitizen.com\/es\/#website","url":"https:\/\/laworldcitizen.com\/es\/","name":"La World Citizen","description":"","publisher":{"@id":"https:\/\/laworldcitizen.com\/es\/#\/schema\/person\/763ebebdd11a26a976b5012c9476ec05"},"potentialAction":[{"@type":"SearchAction","target":{"@type":"EntryPoint","urlTemplate":"https:\/\/laworldcitizen.com\/es\/?s={search_term_string}"},"query-input":"required name=search_term_string"}],"inLanguage":"es"},{"@type":["Person","Organization"],"@id":"https:\/\/laworldcitizen.com\/es\/#\/schema\/person\/763ebebdd11a26a976b5012c9476ec05","name":"Lucia","image":{"@type":"ImageObject","inLanguage":"es","@id":"https:\/\/laworldcitizen.com\/es\/#\/schema\/person\/image\/","url":"https:\/\/laworldcitizen.com\/wp-content\/uploads\/2024\/01\/Logo-Lucia2_alta-1-1.png","contentUrl":"https:\/\/laworldcitizen.com\/wp-content\/uploads\/2024\/01\/Logo-Lucia2_alta-1-1.png","width":71,"height":136,"caption":"Lucia"},"logo":{"@id":"https:\/\/laworldcitizen.com\/es\/#\/schema\/person\/image\/"},"description":"Italiana di origine e cittadina del mondo, amo scrivere, viaggiare sola per il mondo ed imparare nuove lingue. Non so dirvi esattamente dove vivo, ma solitamente mi trovate tra Barcellona, Rio de Janeiro e la Repubblica Dominicana.","sameAs":["http:\/\/www.laworldcitizen.com","https:\/\/www.facebook.com\/lucia.schettino.31","https:\/\/www.instagram.com\/lucyschettino\/?hl=it","https:\/\/www.linkedin.com\/in\/lucia-schettino\/","Lucia"]}]}},"jetpack_sharing_enabled":true,"_links":{"self":[{"href":"https:\/\/laworldcitizen.com\/es\/wp-json\/wp\/v2\/pages\/14662"}],"collection":[{"href":"https:\/\/laworldcitizen.com\/es\/wp-json\/wp\/v2\/pages"}],"about":[{"href":"https:\/\/laworldcitizen.com\/es\/wp-json\/wp\/v2\/types\/page"}],"author":[{"embeddable":true,"href":"https:\/\/laworldcitizen.com\/es\/wp-json\/wp\/v2\/users\/1"}],"replies":[{"embeddable":true,"href":"https:\/\/laworldcitizen.com\/es\/wp-json\/wp\/v2\/comments?post=14662"}],"version-history":[{"count":13,"href":"https:\/\/laworldcitizen.com\/es\/wp-json\/wp\/v2\/pages\/14662\/revisions"}],"predecessor-version":[{"id":15486,"href":"https:\/\/laworldcitizen.com\/es\/wp-json\/wp\/v2\/pages\/14662\/revisions\/15486"}],"wp:attachment":[{"href":"https:\/\/laworldcitizen.com\/es\/wp-json\/wp\/v2\/media?parent=14662"}],"curies":[{"name":"wp","href":"https:\/\/api.w.org\/{rel}","templated":true}]}}